{"id":21,"date":"2023-06-18T12:03:53","date_gmt":"2023-06-18T10:03:53","guid":{"rendered":"https:\/\/nawigator.net\/?page_id=21"},"modified":"2024-06-05T11:57:29","modified_gmt":"2024-06-05T09:57:29","slug":"oferta","status":"publish","type":"page","link":"https:\/\/nawigator.net\/","title":{"rendered":"Oferta"},"content":{"rendered":"\n<p>Oferujemy Pa\u0144stwu apartamenty 2 osobowe z w pe\u0142ni wyposa\u017con\u0105 kuchni\u0105.<br>Do dyspozycji go\u015bci jest r\u00f3wnie\u017c miejsce na grilla, bezpieczna przechowalnia rower\u00f3w i bezp\u0142atny parking.<br>Teren jest ogrodzony oraz monitorowany.<\/p>\n\n\n\n<p>Obiekt NAWIGATOR &#8211; Apartamenty usytuowany jest w odleg\u0142o\u015bci 200m do pla\u017cy, 600m do jeziora Resko Przymorskie i 500 do portu rybackiego. W pobli\u017cu znajduj\u0105 si\u0119 sklepy spo\u017cywcze (20 m), punkty gastronomii (40 m), wypo\u017cyczalnia rower\u00f3w (20 m) oraz Gminne Centrum Sportu Turystyki i Rekreacji (30 m).<\/p>\n\n\n\n<p>W niewielkiej odleg\u0142o\u015bci od obiektu znajduj\u0105 si\u0119 baseny, przysta\u0144 jachtowa i wypo\u017cyczalnia sprz\u0119tu p\u0142ywaj\u0105cego oraz szk\u00f3\u0142ka windsurfingu. D\u017awirzyno jest bardzo dobrze skomunikowane trasami rowerowymi. Naszym go\u015bciom zapewniamy bezp\u0142atne, bezpieczne pomieszczenie na rowery.<\/p>\n\n\n\n<p>Doba hotelowa rozpoczyna si\u0119 o godzinie 14:00 a ko\u0144czy o godzinie 10:00<br>Zwierz\u0119ta w naszym obiekcie nie s\u0105 akceptowane, obiekt przyjazny alergikom.<\/p>\n\n\n\n<figure class=\"wp-block-image size-full\"><img loading=\"lazy\" decoding=\"async\" width=\"825\" height=\"100\" src=\"https:\/\/nawigator.net\/wp-content\/uploads\/2023\/06\/sybmole.jpg\" alt=\"\" class=\"wp-image-26\" srcset=\"https:\/\/nawigator.net\/wp-content\/uploads\/2023\/06\/sybmole.jpg 825w, https:\/\/nawigator.net\/wp-content\/uploads\/2023\/06\/sybmole-300x36.jpg 300w, https:\/\/nawigator.net\/wp-content\/uploads\/2023\/06\/sybmole-768x93.jpg 768w\" sizes=\"auto, (max-width: 825px) 100vw, 825px\" \/><\/figure>\n\n\n\n<figure class=\"wp-block-image aligncenter size-full is-resized\"><img loading=\"lazy\" decoding=\"async\" width=\"200\" height=\"49\" src=\"https:\/\/nawigator.net\/wp-content\/uploads\/2024\/05\/apps.56161.9007199266246365.1d5a6a53-3c49-4f80-95d7-78d76b0e05d0-2.png\" alt=\"\" class=\"wp-image-159\" style=\"width:206px;height:auto\"\/><\/figure>\n","protected":false},"excerpt":{"rendered":"<p>Oferujemy Pa\u0144stwu apartamenty 2 osobowe z w pe\u0142ni wyposa\u017con\u0105 kuchni\u0105.Do dyspozycji go\u015bci jest r\u00f3wnie\u017c miejsce na grilla, bezpieczna przechowalnia rower\u00f3w<\/p>\n","protected":false},"author":1,"featured_media":0,"parent":0,"menu_order":1,"comment_status":"closed","ping_status":"closed","template":"","meta":{"colormag_page_container_layout":"default_layout","colormag_page_sidebar_layout":"default_layout","footnotes":""},"class_list":["post-21","page","type-page","status-publish","hentry"],"_links":{"self":[{"href":"https:\/\/nawigator.net\/index.php?rest_route=\/wp\/v2\/pages\/21","targetHints":{"allow":["GET"]}}],"collection":[{"href":"https:\/\/nawigator.net\/index.php?rest_route=\/wp\/v2\/pages"}],"about":[{"href":"https:\/\/nawigator.net\/index.php?rest_route=\/wp\/v2\/types\/page"}],"author":[{"embeddable":true,"href":"https:\/\/nawigator.net\/index.php?rest_route=\/wp\/v2\/users\/1"}],"replies":[{"embeddable":true,"href":"https:\/\/nawigator.net\/index.php?rest_route=%2Fwp%2Fv2%2Fcomments&post=21"}],"version-history":[{"count":14,"href":"https:\/\/nawigator.net\/index.php?rest_route=\/wp\/v2\/pages\/21\/revisions"}],"predecessor-version":[{"id":173,"href":"https:\/\/nawigator.net\/index.php?rest_route=\/wp\/v2\/pages\/21\/revisions\/173"}],"wp:attachment":[{"href":"https:\/\/nawigator.net\/index.php?rest_route=%2Fwp%2Fv2%2Fmedia&parent=21"}],"curies":[{"name":"wp","href":"https:\/\/api.w.org\/{rel}","templated":true}]}}