{"id":56,"date":"2023-06-18T12:31:57","date_gmt":"2023-06-18T10:31:57","guid":{"rendered":"https:\/\/nawigator.net\/?page_id=56"},"modified":"2026-01-02T16:14:02","modified_gmt":"2026-01-02T15:14:02","slug":"cennik-2023","status":"publish","type":"page","link":"https:\/\/nawigator.net\/?page_id=56","title":{"rendered":"Cennik 2026"},"content":{"rendered":"\n<p>Apartament 2 osobowy:<\/p>\n\n\n\n<p>od 01.06 do 01.07 &#8211; 230 z\u0142<\/p>\n\n\n\n<p>od 01.07 do 10.07 &#8211; 290 z\u0142<\/p>\n\n\n\n<p>od 10.07 do 20.08 &#8211; 340 z\u0142<\/p>\n\n\n\n<p>od 20.08 do 01.09 &#8211; 290 z\u0142<\/p>\n\n\n\n<p>od 01.09 do 30.09 &#8211; 230 z\u0142<\/p>\n\n\n\n<hr class=\"wp-block-separator has-alpha-channel-opacity is-style-wide\"\/>\n\n\n\n<h4 class=\"wp-block-heading\">OP\u0141ATA MIEJSCOWA<\/h4>\n\n\n\n<p>1. Stawka op\u0142aty miejscowej pobieranej od os\u00f3b fizycznych przebywaj\u0105cych d\u0142u\u017cej ni\u017c dob\u0119 w celach turystycznych, wypoczynkowych i szkoleniowych w miejscowo\u015bciach D\u017awirzyno, Grzybowo i Budzistowo wynosi<strong> 3,00 z\u0142<\/strong> <strong>za ka\u017cdy dzie\u0144 pobytu.<\/strong><\/p>\n\n\n\n<p><\/p>\n\n\n\n<p><\/p>\n","protected":false},"excerpt":{"rendered":"<p>Apartament 2 osobowy: od 01.06 do 01.07 &#8211; 230 z\u0142 od 01.07 do 10.07 &#8211; 290 z\u0142 od 10.07 do<\/p>\n","protected":false},"author":1,"featured_media":0,"parent":0,"menu_order":3,"comment_status":"closed","ping_status":"closed","template":"","meta":{"colormag_page_container_layout":"default_layout","colormag_page_sidebar_layout":"default_layout","footnotes":""},"class_list":["post-56","page","type-page","status-publish","hentry"],"_links":{"self":[{"href":"https:\/\/nawigator.net\/index.php?rest_route=\/wp\/v2\/pages\/56","targetHints":{"allow":["GET"]}}],"collection":[{"href":"https:\/\/nawigator.net\/index.php?rest_route=\/wp\/v2\/pages"}],"about":[{"href":"https:\/\/nawigator.net\/index.php?rest_route=\/wp\/v2\/types\/page"}],"author":[{"embeddable":true,"href":"https:\/\/nawigator.net\/index.php?rest_route=\/wp\/v2\/users\/1"}],"replies":[{"embeddable":true,"href":"https:\/\/nawigator.net\/index.php?rest_route=%2Fwp%2Fv2%2Fcomments&post=56"}],"version-history":[{"count":16,"href":"https:\/\/nawigator.net\/index.php?rest_route=\/wp\/v2\/pages\/56\/revisions"}],"predecessor-version":[{"id":241,"href":"https:\/\/nawigator.net\/index.php?rest_route=\/wp\/v2\/pages\/56\/revisions\/241"}],"wp:attachment":[{"href":"https:\/\/nawigator.net\/index.php?rest_route=%2Fwp%2Fv2%2Fmedia&parent=56"}],"curies":[{"name":"wp","href":"https:\/\/api.w.org\/{rel}","templated":true}]}}