{"id":90,"date":"2023-06-27T20:45:43","date_gmt":"2023-06-27T18:45:43","guid":{"rendered":"https:\/\/nawigator.net\/?page_id=90"},"modified":"2024-06-05T12:18:21","modified_gmt":"2024-06-05T10:18:21","slug":"regulamin","status":"publish","type":"page","link":"https:\/\/nawigator.net\/?page_id=90","title":{"rendered":"Regulamin"},"content":{"rendered":"\n<p class=\"has-small-font-size\"><strong>&amp;1. PRZEDMIOT REGULAMINU<\/strong><\/p>\n\n\n\n<p class=\"has-small-font-size\">1. Regulamin okre\u015bla zasady \u015bwiadczenia us\u0142ug, odpowiedzialno\u015bci oraz przebywania na terenie obiektu Nawigator Apartamenty \u2013 D\u017awirzyno i jest integraln\u0105 cz\u0119\u015bci\u0105 umowy do kt\u00f3rej zawarcia dochodzi poprzez dokonanie rezerwacji i zap\u0142at\u0119 zaliczki lub ca\u0142ej nale\u017cno\u015bci za pobyt. Dokonuj\u0105c&nbsp; w\/w&nbsp; czynno\u015bci, Go\u015b\u0107 potwierdza, i\u017c zapozna\u0142 si\u0119 i akceptuje warunki Regulaminu.<\/p>\n\n\n\n<p class=\"has-small-font-size\">2. Regulamin obowi\u0105zuje wszystkich Go\u015bci przebywaj\u0105cych na terenie obiektu Nawigator Apartamenty \u2013 D\u017awirzyno.<\/p>\n\n\n\n<p class=\"has-small-font-size\">3. Regulamin jest dost\u0119pny do wgl\u0105du w pokojach oraz na stronie internetowej www.nawigator.net.<\/p>\n\n\n\n<p class=\"has-small-font-size\"><strong>&amp;2. DOBA HOTELOWA<\/strong><\/p>\n\n\n\n<p class=\"has-small-font-size\">1. Apartamenty wynajmowane s\u0105 na doby hotelowe.<\/p>\n\n\n\n<p class=\"has-small-font-size\">2. Doba hotelowa trwa od godziny 14:00 do godziny 10:00 dnia nast\u0119pnego.<\/p>\n\n\n\n<p class=\"has-small-font-size\">3.&nbsp; Zameldowanie odbywa si\u0119 w godzinach od 14:00 do 21:00.<\/p>\n\n\n\n<p class=\"has-small-font-size\">4. Apartament nale\u017cy zda\u0107 w godzinach od 06:00 do 10:00.<\/p>\n\n\n\n<p class=\"has-small-font-size\">5. Pro\u015bb\u0119 o przed\u0142u\u017cenie doby hotelowej Go\u015b\u0107 powinien zg\u0142osi\u0107 jak najszybciej pod numerem telefonu 503&nbsp;696&nbsp;684. Nawigator Apartamenty \u2013 D\u017awirzyno mo\u017ce nie uwzgl\u0119dni\u0107&nbsp; \u017cyczenia przed\u0142u\u017cenia pobytu w przypadku wykorzystania wszystkich miejsc noclegowych (apartament\u00f3w), lub w przypadku kiedy Go\u015bcie nie przestrzegaj\u0105 obowi\u0105zuj\u0105cego regulaminu.<\/p>\n\n\n\n<p class=\"has-small-font-size\">6. Obiekt Nawigator Apartamenty \u2013 D\u017awirzyno zastrzega sobie prawo do odmowy przed\u0142u\u017cenia pobytu w przypadku nie dokonania&nbsp; wcze\u015bniej pe\u0142nej p\u0142atno\u015bci za dotychczasowy pobyt.<\/p>\n\n\n\n<p class=\"has-small-font-size\">7. W przypadku przebywania w pokojach lub apartamentach wi\u0119kszej liczby os\u00f3b ni\u017c zg\u0142oszona podczas zameldowania, w dniu wykwaterowania zostanie automatycznie naliczona Klientowi op\u0142ata dodatkowa w wysoko\u015bci 250 z\u0142 za ka\u017cd\u0105 osob\u0119&nbsp; niezg\u0142oszon\u0105 za ka\u017cd\u0105 dob\u0119 pobytu.<\/p>\n\n\n\n<p class=\"has-small-font-size\"><strong>&amp;3. REZERWACJA I MELDUNEK<\/strong><\/p>\n\n\n\n<p class=\"has-small-font-size\">1. Podstaw\u0105 do zameldowania Go\u015bcia jest uiszczenie nale\u017cno\u015bci za zarezerwowany pobyt.<\/p>\n\n\n\n<p class=\"has-small-font-size\">2. Obiekt Nawigator Apartamenty \u2013 D\u017awirzyno przesy\u0142a klientowi potwierdzenie rezerwacji drog\u0105 poczty elektronicznej, formie sms lub za po\u015brednictwem witryny Booking.com.<\/p>\n\n\n\n<p class=\"has-small-font-size\">3. Go\u015b\u0107 nie mo\u017ce przekazywa\u0107 apartamentu osobom trzecim, nawet je\u015bli nie up\u0142yn\u0105\u0142 okres, za kt\u00f3ry ui\u015bci\u0142 nale\u017cn\u0105 op\u0142at\u0119 za pobyt.<\/p>\n\n\n\n<p class=\"has-small-font-size\">4. Osoby niezameldowane nie &nbsp;mog\u0105 przebywa\u0107 w apartamentach.<\/p>\n\n\n\n<p class=\"has-small-font-size\">5. Obiekt Nawigator Apartamenty \u2013 D\u017awirzyno mo\u017ce odm\u00f3wi\u0107 przyj\u0119cia Go\u015bcia, kt\u00f3ry jest pod wp\u0142ywem alkoholu lub podczas poprzedniego pobytu ra\u017c\u0105co naruszy\u0142 Regulamin, w szczeg\u00f3lno\u015bci poprzez wyrz\u0105dzenie szkody na mieniu obiektu lub mieniu Go\u015bci, szkody na osobie Go\u015bcia, pracownik\u00f3w obiektu lub innych osobach przebywaj\u0105cych na terenie obiektu.<\/p>\n\n\n\n<p class=\"has-small-font-size\">6. Rezerwacja nosi miano gwarantowanej, je\u015bli zostanie dokonana przedp\u0142ata o ustalonej warto\u015bci podczas rezerwacji. Brak zaliczki mo\u017ce skutkowa\u0107 anulowaniem rezerwacji.<\/p>\n\n\n\n<p class=\"has-small-font-size\">7. W przypadku wynajmu w ofercie bezzwrotnej, w przypadku nie odwo\u0142ania rezerwacji 14 dni przed przyjazdem, lub w przypadku nie dojazdu Go\u015bcia w zaplanowanym terminie do obiektu Nawigator Apartamenty \u2013 D\u017awirzyno zaliczka nie zostaje zwr\u00f3cona.<\/p>\n\n\n\n<p class=\"has-small-font-size\">8. W przypadku rezygnacji Go\u015bcia z pobytu w trakcie trwania wynajmu obiekt Nawigator Apartamenty \u2013 D\u017awirzyno nie zwraca op\u0142aty za pobyt.<\/p>\n\n\n\n<p class=\"has-small-font-size\"><strong>&amp;4. SPOS\u00d3B P\u0141ATNO\u015aCI<\/strong><\/p>\n\n\n\n<p class=\"has-small-font-size\">1. Go\u015b\u0107 mo\u017ce dokona\u0107 p\u0142atno\u015bci za nocleg za pomoc\u0105 got\u00f3wki, przelewu lub za po\u015brednictwem witryny Booking.com, korzystaj\u0105c z systemu p\u0142atno\u015bci zgodnie z obowi\u0105zuj\u0105cym cennikiem.<\/p>\n\n\n\n<p class=\"has-small-font-size\"><strong>&amp;5. US\u0141UGI<\/strong><\/p>\n\n\n\n<p class=\"has-small-font-size\">1. Obiekt Nawigator Apartamenty \u2013 D\u017awirzyno \u015bwiadczy us\u0142ugi zgodnie z informacjami zawartymi na stronie www.nawigator.net.<\/p>\n\n\n\n<p class=\"has-small-font-size\">2. W przypadku zastrze\u017ce\u0144 dotycz\u0105cych jako\u015bci us\u0142ug, Go\u015b\u0107 jest proszony o niezw\u0142oczne ich zg\u0142aszanie pod numerem telefonu: 503&nbsp;696&nbsp;684 lub e-mail: nawigator.dzwirzyno@gmail.com co umo\u017cliwi popraw\u0119 standardu \u015bwiadczonych us\u0142ug.<\/p>\n\n\n\n<p class=\"has-small-font-size\">3. Obiekt Nawigator Apartamenty \u2013 D\u017awirzyno ma obowi\u0105zek zapewni\u0107 Go\u015bciom:<\/p>\n\n\n\n<p class=\"has-small-font-size\">&#8211; warunki do pe\u0142nego i nieskr\u0119powanego wypoczynku,<\/p>\n\n\n\n<p class=\"has-small-font-size\">&#8211; bezpiecze\u0144stwo pobytu, w tym bezpiecze\u0144stwo zachowania w tajemnicy informacji o Go\u015bciu,<\/p>\n\n\n\n<p class=\"has-small-font-size\">&#8211; po uprzednim zg\u0142oszeniu pod numerem telefonu 503&nbsp;696&nbsp;684 lub e-mail: nawigator.dzwirzyno@gmail.com wykonywanie niezb\u0119dnych napraw niesprawno\u015bci.<\/p>\n\n\n\n<p class=\"has-small-font-size\"><strong>&amp;6. ODPOWIEDZIALNO\u015a\u0106 GO\u015aCI<\/strong><\/p>\n\n\n\n<p class=\"has-small-font-size\">1. Dzieci poni\u017cej 12 roku \u017cycia powinny znajdowa\u0107 si\u0119 na terenie obiektu pod sta\u0142ym nadzorem opiekun\u00f3w prawnych. Opiekunowie prawni ponosz\u0105 odpowiedzialno\u015b\u0107&nbsp; materialn\u0105 za wszelkie szkody powsta\u0142e w wyniku dzia\u0142ania dzieci.<\/p>\n\n\n\n<p class=\"has-small-font-size\">2. Go\u015b\u0107 ponosi pe\u0142n\u0105&nbsp; odpowiedzialno\u015b\u0107&nbsp; materialn\u0105 za wszelkiego rodzaju uszkodzenia lub zniszczenia wyposa\u017cenia&nbsp; i urz\u0105dze\u0144 technicznych obiektu, powsta\u0142e z jego winy lub z winy odwiedzaj\u0105cych go os\u00f3b. Obiekt Nawigator Apartamenty \u2013 D\u017awirzyno zastrzega sobie mo\u017cliwo\u015b\u0107 obci\u0105\u017cenia karty kredytowej Go\u015bcia za wyrz\u0105dzone szkody po jego wyje\u017adzie.<\/p>\n\n\n\n<p class=\"has-small-font-size\">3. W przypadku naruszenia postanowie\u0144 Regulaminu, obiekt Nawigator Apartamenty \u2013 D\u017awirzyno mo\u017ce odm\u00f3wi\u0107 \u015bwiadczenia us\u0142ug osobie kt\u00f3ra je narusza. Osoba taka jest zobowi\u0105zana do niezw\u0142ocznego zastosowania si\u0119 do \u017c\u0105da\u0144 Obiektu, uregulowania nale\u017cno\u015bci za dotychczasowe \u015bwiadczenia, do zap\u0142aty za ewentualne zniszczenia oraz do opuszczenia obiektu.<\/p>\n\n\n\n<p class=\"has-small-font-size\">4. Ka\u017cdorazowo Go\u015b\u0107 opuszczaj\u0105cy apartament, ze wzgl\u0119d\u00f3w bezpiecze\u0144stwa powinien wy\u0142\u0105czy\u0107 telewizor, urz\u0105dzenia AGD, zgasi\u0107 \u015bwiat\u0142o, zakr\u0119ci\u0107 krany oraz zamkn\u0105\u0107 drzwi.<\/p>\n\n\n\n<p class=\"has-small-font-size\">5. Obiektowi Nawigator Apartamenty \u2013 D\u017awirzyno przys\u0142uguje ustawowe prawo zastawu na rzecz wniesionych rzeczy przez Go\u015bcia do obiektu w przypadku op\u00f3\u017anienia z uregulowaniem p\u0142atno\u015bci za pobyt lub nieuregulowaniem nale\u017cno\u015bci za \u015bwiadczone us\u0142ugi.<\/p>\n\n\n\n<p class=\"has-small-font-size\"><strong>&amp;7. ODPOWIEDZIALNO\u015a\u0106 OBIEKTU: Nawigator Apartamenty \u2013 D\u017awirzyno<\/strong><\/p>\n\n\n\n<p class=\"has-small-font-size\">1. Obiekt Nawigator Apartamenty \u2013 D\u017awirzyno nie ponosi odpowiedzialno\u015bci za utrat\u0119 rzeczy&nbsp; pozostawionych przez Go\u015bcia w apartamencie, lub skradzionych podczas w\u0142amania.<\/p>\n\n\n\n<p class=\"has-small-font-size\">2. Obiekt nie ponosi odpowiedzialno\u015bci za uszkodzenia i utrat\u0119 samochodu lub innego pojazdu nale\u017c\u0105cego do Go\u015bcia, przedmiot\u00f3w w nim pozostawionych oraz \u017cywych zwierz\u0105t.<\/p>\n\n\n\n<p class=\"has-small-font-size\"><strong>&amp;8. ZWROT RZECZY POZOSTAWIONYCH<\/strong><\/p>\n\n\n\n<p class=\"has-small-font-size\">1. Przedmioty osobistego u\u017cytku pozostawione w pokojach lub apartamencie przez wyje\u017cd\u017caj\u0105cego Go\u015bcia, mog\u0105 zosta\u0107 odes\u0142ane na wskazany adres Go\u015bcia na jego koszt, po uprzednim kontakcie z obiektem. Artyku\u0142y spo\u017cywcze zostan\u0105 usuni\u0119te wraz z wymeldowaniem przez Go\u015bcia.<\/p>\n\n\n\n<p class=\"has-small-font-size\"><strong>&amp;9. CISZA NOCNA<\/strong><\/p>\n\n\n\n<p class=\"has-small-font-size\">1. Na terenie obiektu Nawigator Apartamenty \u2013 D\u017awirzyno obowi\u0105zuje cisza nocna od godziny 23:00 do godziny 6:00 rano.<\/p>\n\n\n\n<p class=\"has-small-font-size\"><strong>&amp;10. REKLAMACJE<\/strong><\/p>\n\n\n\n<p class=\"has-small-font-size\">1. Go\u015bcie maj\u0105 prawo do sk\u0142adania reklamacji w przypadku zauwa\u017cenia uchybie\u0144 w jako\u015bci \u015bwiadczonych us\u0142ug.<\/p>\n\n\n\n<p class=\"has-small-font-size\">2. Wszelkie reklamacje przyjmujemy telefonicznie: 503&nbsp;696&nbsp;684 lub za pomoc\u0105 poczty e-mail: nawigator.dzwirzyno@gmail.com<\/p>\n\n\n\n<p class=\"has-small-font-size\">3. Reklamacja powinna by\u0107 zg\u0142oszona niezw\u0142ocznie po zauwa\u017ceniu uchybie\u0144 w \u015bwiadczonych us\u0142ugach.<\/p>\n\n\n\n<p class=\"has-small-font-size\"><strong>&amp;11. POSTANOWIENIA DODATKOWE<\/strong><\/p>\n\n\n\n<p class=\"has-small-font-size\">1. W ca\u0142ym obiekcie Nawigator Apartamenty \u2013 D\u017awirzyno obowi\u0105zuje ca\u0142kowity zakaz palenia, z wy\u0142\u0105czeniem terenu na zewn\u0105trz apartament\u00f3w.<\/p>\n\n\n\n<p class=\"has-small-font-size\">2. W apartamentach nie wolno przechowywa\u0107 \u0142adunk\u00f3w niebezpiecznych \u2013 broni, amunicji, materia\u0142\u00f3w \u0142atwopalnych, wybuchowych i iluminacyjnych.<\/p>\n\n\n\n<p class=\"has-small-font-size\">3. Go\u015b\u0107 wyra\u017ca zgod\u0119 na przechowywanie i przetwarzanie danych osobowych zgodnie z ustaw\u0105 o ochronie danych osobowych (Dz. U. z 2002 r. nr 101, poz. 926 z p\u00f3\u017aniejszymi zmianami) przez Obiekt Nawigator Apartamenty \u2013 D\u017awirzyno dla potrzeb niezb\u0119dnych do realizacji pobytu Go\u015bcia w obiekcie, korzystania przez Go\u015bcia z pozosta\u0142ych us\u0142ug \u015bwiadczonych przez obiekt. Go\u015b\u0107 ma prawo do wgl\u0105du do swoich danych osobowych oraz ich korygowania.<\/p>\n\n\n\n<p class=\"has-small-font-size\">4. Zakazuje si\u0119 na terenie obiektu akwizycji i sprzeda\u017cy obno\u015bnej.<\/p>\n\n\n\n<p class=\"has-small-font-size\">5. Zabrania si\u0119 nadmiernego ha\u0142asowania na terenie obiektu, powodowania nieprzyjemnych zapach\u00f3w, ani innych rzeczy kt\u00f3re przeszkadzaj\u0105, szkodz\u0105 czy irytuj\u0105 pozosta\u0142ych Go\u015bci obiektu.<\/p>\n\n\n\n<p class=\"has-small-font-size\">6. W apartamentach zabronione jest sma\u017cenie ryb, korzystanie z grza\u0142ek elektrycznych, ogrzewaczy powietrza i\u00a0 innych urz\u0105dze\u0144 stanowi\u0105cych zagro\u017cenie po\u017carem, a nie b\u0119d\u0105cych wyposa\u017ceniem standardowym apartamentu.<\/p>\n\n\n\n<p class=\"has-small-font-size\">7. Po opuszczeniu apartamentu, uprasza si\u0119 o informacj\u0119&nbsp; o zako\u0144czeniu pobytu (check-out).<\/p>\n\n\n\n<p class=\"has-small-font-size\"><strong>&amp;12. KARY UMOWNE<\/strong><\/p>\n\n\n\n<p class=\"has-small-font-size\">1. Zorganizowanie imprezy lub zak\u0142\u00f3cenie ciszy nocnej \u2013 500z\u0142.<\/p>\n\n\n\n<p class=\"has-small-font-size\">2. Palenie papieros\u00f3w wewn\u0105trz apartamentu \u2013 500 z\u0142.<\/p>\n\n\n\n<p class=\"has-small-font-size\">3. Przebywanie os\u00f3b niezameldowanych w apartamencie &#8211; 250z\u0142. (za ka\u017cd\u0105 osob\u0119 \/ doba).<\/p>\n\n\n\n<p class=\"has-small-font-size\">4. Przebywanie zwierz\u0105t w apartamencie \u2013 500 z\u0142.<\/p>\n\n\n\n<p class=\"has-small-font-size\">5. Inne zdarzenia \u0142ami\u0105ce Regulamin \u2013 500 z\u0142.<\/p>\n","protected":false},"excerpt":{"rendered":"<p>&amp;1. PRZEDMIOT REGULAMINU 1. Regulamin okre\u015bla zasady \u015bwiadczenia us\u0142ug, odpowiedzialno\u015bci oraz przebywania na terenie obiektu Nawigator Apartamenty \u2013 D\u017awirzyno i<\/p>\n","protected":false},"author":1,"featured_media":0,"parent":0,"menu_order":11,"comment_status":"closed","ping_status":"closed","template":"","meta":{"colormag_page_container_layout":"default_layout","colormag_page_sidebar_layout":"default_layout","footnotes":""},"class_list":["post-90","page","type-page","status-publish","hentry"],"_links":{"self":[{"href":"https:\/\/nawigator.net\/index.php?rest_route=\/wp\/v2\/pages\/90","targetHints":{"allow":["GET"]}}],"collection":[{"href":"https:\/\/nawigator.net\/index.php?rest_route=\/wp\/v2\/pages"}],"about":[{"href":"https:\/\/nawigator.net\/index.php?rest_route=\/wp\/v2\/types\/page"}],"author":[{"embeddable":true,"href":"https:\/\/nawigator.net\/index.php?rest_route=\/wp\/v2\/users\/1"}],"replies":[{"embeddable":true,"href":"https:\/\/nawigator.net\/index.php?rest_route=%2Fwp%2Fv2%2Fcomments&post=90"}],"version-history":[{"count":12,"href":"https:\/\/nawigator.net\/index.php?rest_route=\/wp\/v2\/pages\/90\/revisions"}],"predecessor-version":[{"id":180,"href":"https:\/\/nawigator.net\/index.php?rest_route=\/wp\/v2\/pages\/90\/revisions\/180"}],"wp:attachment":[{"href":"https:\/\/nawigator.net\/index.php?rest_route=%2Fwp%2Fv2%2Fmedia&parent=90"}],"curies":[{"name":"wp","href":"https:\/\/api.w.org\/{rel}","templated":true}]}}